{"id":7,"date":"2026-02-11T15:39:33","date_gmt":"2026-02-11T15:39:33","guid":{"rendered":"https:\/\/lovely-red-jackal.185-12-116-165.cpanel.site\/?page_id=7"},"modified":"2026-03-24T20:31:28","modified_gmt":"2026-03-24T20:31:28","slug":"home","status":"publish","type":"page","link":"https:\/\/inlex.swipenews.pt\/","title":{"rendered":"Home"},"content":{"rendered":"\n<div class=\"wp-block-group alignfull is-style-default is-layout-flow wp-block-group-is-layout-flow has-background\" style=\"min-height:70vh;margin-top:0;margin-bottom:0;padding-top:6.1rem;padding-right:0px;padding-bottom:6.1rem;padding-left:0px;background-image:url(&apos;https:\/\/inlex.swipenews.pt\/wp-content\/uploads\/2026\/02\/Hero-Basic.png&apos;);background-size:cover;\">\n<div style=\"height:100px\" aria-hidden=\"true\" class=\"wp-block-spacer\"><\/div>\n\n\n\n<div class=\"wp-block-group has-global-padding is-layout-constrained wp-block-group-is-layout-constrained\"><div class=\"aligncenter wp-block-site-logo\"><img loading=\"lazy\" decoding=\"async\" width=\"405\" height=\"186\" src=\"https:\/\/inlex.swipenews.pt\/wp-content\/uploads\/2026\/02\/02b9c882ba43fd96fef554c8970f50467cf5d46a.png\" class=\"custom-logo\" alt=\"In Lex\" srcset=\"https:\/\/inlex.swipenews.pt\/wp-content\/uploads\/2026\/02\/02b9c882ba43fd96fef554c8970f50467cf5d46a.png 2104w, https:\/\/inlex.swipenews.pt\/wp-content\/uploads\/2026\/02\/02b9c882ba43fd96fef554c8970f50467cf5d46a-300x138.png 300w, https:\/\/inlex.swipenews.pt\/wp-content\/uploads\/2026\/02\/02b9c882ba43fd96fef554c8970f50467cf5d46a-1024x471.png 1024w, https:\/\/inlex.swipenews.pt\/wp-content\/uploads\/2026\/02\/02b9c882ba43fd96fef554c8970f50467cf5d46a-768x353.png 768w, https:\/\/inlex.swipenews.pt\/wp-content\/uploads\/2026\/02\/02b9c882ba43fd96fef554c8970f50467cf5d46a-1536x707.png 1536w, https:\/\/inlex.swipenews.pt\/wp-content\/uploads\/2026\/02\/02b9c882ba43fd96fef554c8970f50467cf5d46a-2048x942.png 2048w\" sizes=\"auto, (max-width: 405px) 100vw, 405px\" \/><\/div>\n\n\n<div class=\"wp-block-group is-content-justification-right is-nowrap is-layout-flex wp-container-core-group-is-layout-36e577f6 wp-block-group-is-layout-flex\" style=\"min-height:0px;padding-right:var(--wp--preset--spacing--80);padding-left:var(--wp--preset--spacing--80)\">\n<figure class=\"wp-block-image size-full wp-container-content-abf6deda\"><img loading=\"lazy\" decoding=\"async\" width=\"324\" height=\"148\" src=\"http:\/\/inlex.swipenews.pt\/wp-content\/uploads\/2026\/02\/14d9b7e53f4d3370e44de1c655510170a3d00b49.png\" alt=\"\" class=\"wp-image-39\" style=\"object-fit:cover\" srcset=\"https:\/\/inlex.swipenews.pt\/wp-content\/uploads\/2026\/02\/14d9b7e53f4d3370e44de1c655510170a3d00b49.png 324w, https:\/\/inlex.swipenews.pt\/wp-content\/uploads\/2026\/02\/14d9b7e53f4d3370e44de1c655510170a3d00b49-300x137.png 300w\" sizes=\"auto, (max-width: 324px) 100vw, 324px\" \/><\/figure>\n\n\n\n<figure class=\"wp-block-image size-full wp-container-content-b7254e18\"><img loading=\"lazy\" decoding=\"async\" width=\"748\" height=\"147\" src=\"http:\/\/inlex.swipenews.pt\/wp-content\/uploads\/2026\/02\/09b86bd001ebbea23d01cbf4f1430c1a7d1bfcd7.png\" alt=\"\" class=\"wp-image-40\" srcset=\"https:\/\/inlex.swipenews.pt\/wp-content\/uploads\/2026\/02\/09b86bd001ebbea23d01cbf4f1430c1a7d1bfcd7.png 748w, https:\/\/inlex.swipenews.pt\/wp-content\/uploads\/2026\/02\/09b86bd001ebbea23d01cbf4f1430c1a7d1bfcd7-300x59.png 300w\" sizes=\"auto, (max-width: 748px) 100vw, 748px\" \/><\/figure>\n<\/div>\n<\/div>\n<\/div>\n\n\n\n<div class=\"wp-block-group has-global-padding is-layout-constrained wp-block-group-is-layout-constrained\">\n<div style=\"height:50px\" aria-hidden=\"true\" class=\"wp-block-spacer\"><\/div>\n\n\n\n<h3 class=\"wp-block-heading has-text-align-center has-manrope-font-family has-xx-large-font-size\"><strong>Quem Somos<\/strong><\/h3>\n\n\n\n<p class=\"has-text-align-left is-style-default has-manrope-font-family\" style=\"font-size:clamp(0.875rem, 0.875rem + ((1vw - 0.2rem) * 0.667), 1.3rem);\">O In-Lex \u00e9 o maior agregador de informa\u00e7\u00e3o sobre sociedades de advogados em Portugal, assumindo-se como uma plataforma de refer\u00eancia para o conhecimento, an\u00e1lise e mapeamento do sector da advocacia.<br><br>Em 2026, o projeto inicia uma nova fase, passando a ser gerido e coordenado pelo ECO\/Advocatus. Esta mudan\u00e7a marca uma evolu\u00e7\u00e3o estrat\u00e9gica do projeto, com um refor\u00e7o claro da sua dimens\u00e3o digital e editorial.<br><br>No plano digital, o In-Lex aposta fortemente na visibilidade online das sociedades participantes. Cada sociedade contar\u00e1 com um destaque individualizado assente em tr\u00eas pilares fundamentais: pesquisa por \u00e1rea geogr\u00e1fica, perfis dedicados nos canais B2B do ECO<br>e da Advocatus, e publicidade em formato display<br>na homepage da Advocatus.<br><br>O projeto inclui ainda o lan\u00e7amento de uma newsletter dedicada In-Lex, enviada a uma base qualificada de contactos, com informa\u00e7\u00e3o individualizada sobre cada sociedade de advogados. A presen\u00e7a nas redes sociais ser\u00e1 igualmente refor\u00e7ada, atrav\u00e9s de um plano de promo\u00e7\u00e3o no LinkedIn, Instagram e Facebook.<br><br>Para al\u00e9m da vertente digital, o Yearbook In-Lex 2026 contar\u00e1 tamb\u00e9m com uma vers\u00e3o impressa. Esta edi\u00e7\u00e3o reunir\u00e1 artigos de opini\u00e3o, an\u00e1lises ao sector, entrevistas<br>e um agregador de informa\u00e7\u00e3o por sociedade, com distribui\u00e7\u00e3o assegurada junto das 500 maiores empresas nacionais e das principais faculdades de Direito.<\/p>\n\n\n\n<p class=\"has-manrope-font-family\" style=\"font-style:normal;font-weight:700\"><strong>O site estar\u00e1 em pleno funcionamento muito em breve.<\/strong><\/p>\n\n\n\n<div style=\"height:50px\" aria-hidden=\"true\" class=\"wp-block-spacer\"><\/div>\n<\/div>\n","protected":false},"excerpt":{"rendered":"<p>Quem Somos O In-Lex \u00e9 o maior agregador de informa\u00e7\u00e3o sobre sociedades de advogados em Portugal, assumindo-se como uma plataforma de refer\u00eancia para o conhecimento, an\u00e1lise e mapeamento do sector da advocacia. Em 2026, o projeto inicia uma nova fase, passando a ser gerido e coordenado pelo ECO\/Advocatus. Esta mudan\u00e7a marca uma evolu\u00e7\u00e3o estrat\u00e9gica do [&hellip;]<\/p>\n","protected":false},"author":1,"featured_media":0,"parent":0,"menu_order":0,"comment_status":"closed","ping_status":"closed","template":"","meta":{"footnotes":""},"class_list":["post-7","page","type-page","status-publish","hentry"],"_links":{"self":[{"href":"https:\/\/inlex.swipenews.pt\/index.php?rest_route=\/wp\/v2\/pages\/7","targetHints":{"allow":["GET"]}}],"collection":[{"href":"https:\/\/inlex.swipenews.pt\/index.php?rest_route=\/wp\/v2\/pages"}],"about":[{"href":"https:\/\/inlex.swipenews.pt\/index.php?rest_route=\/wp\/v2\/types\/page"}],"author":[{"embeddable":true,"href":"https:\/\/inlex.swipenews.pt\/index.php?rest_route=\/wp\/v2\/users\/1"}],"replies":[{"embeddable":true,"href":"https:\/\/inlex.swipenews.pt\/index.php?rest_route=%2Fwp%2Fv2%2Fcomments&post=7"}],"version-history":[{"count":19,"href":"https:\/\/inlex.swipenews.pt\/index.php?rest_route=\/wp\/v2\/pages\/7\/revisions"}],"predecessor-version":[{"id":85,"href":"https:\/\/inlex.swipenews.pt\/index.php?rest_route=\/wp\/v2\/pages\/7\/revisions\/85"}],"wp:attachment":[{"href":"https:\/\/inlex.swipenews.pt\/index.php?rest_route=%2Fwp%2Fv2%2Fmedia&parent=7"}],"curies":[{"name":"wp","href":"https:\/\/api.w.org\/{rel}","templated":true}]}}